{"id":126,"date":"2009-01-16T13:15:11","date_gmt":"2009-01-16T11:15:11","guid":{"rendered":"http:\/\/wp.gethopeless.ch\/?page_id=126"},"modified":"2015-03-08T09:46:13","modified_gmt":"2015-03-08T08:46:13","slug":"leitbild","status":"publish","type":"page","link":"https:\/\/www.derendokrinologe.ch\/?page_id=126","title":{"rendered":"Leitbild"},"content":{"rendered":"<p>Praxis Dr. med. Bruno M&uuml;ller, eine Praxis, in der die &auml;rztliche Kunst des Heilens noch nicht verloren*, sondern seit 16 Jahren ausge&uuml;bt wird. Sie profitierten bei Diabeteserkrankungen und Hormonst&ouml;rungen von einer jahrzentelangen Expertise, erworben in 6 Jahren Ausbildung, in 5 Jahren Weiterbildung zum Internisten sowie in weiteren 3 Jahren Weiterbildung zum Endokrinologen. Dazu gesellen sich 10 Jahre Oberarzt- und Leitungs-Erfahrung am Universit&auml;tsspital in Bern (Inselspital), Abteilung f&uuml;r <a href=\"https:\/\/www.derendokrinologe.ch\/?encyclopedia=endokrinologie\" target=\"_self\" title='Die Endokrinologie ist die \"Lehre von den Hormonen\". Endokrin hei&szlig;en Hormondr&uuml;sen, die ihr Produkt nach innen, direkt ins Blut abgeben. Ein Endokrinologe ist ein Facharzt f&uuml;r Hormone.' class=\"encyclopedia\">Endokrinologie<\/a> und Diabetologie. Zus&auml;tzlich verf&uuml;gt der Praxisinhaber &uuml;ber ein Grundstudium in Germanistik und &uuml;ber spezielle Arzt-Patienten-Kommunikationskompetenzen, mit eigenen Publikationen auf diesem Gebiet, erg&auml;nzt durch Serminart&auml;tigkeit.<\/p>\n<p>Mittelpunkt der Praxis sind Sie: mit Ihrem Leiden, Ihrem Anliegen, Ihren medizinischen Problemen. Wir nehmen uns diesen Schwierigkeiten gerne und mit Sorgfalt an. Unsere Schwerpunkte sind dabei zahlreich: Diabetes, Insulinbehandlungen, Insulinpumpentherapie, Schilddr&uuml;senerkrankungen (Dr. Bruno M&uuml;ller ist Verfasser eines Patientenratgebers), Hypophysenerkrankungen (Dr. Bruno M&uuml;ller ist Mitbegr&uuml;nder einer Patienten-Organisation, <a href=\"http:\/\/www.shg-wegweiser.ch\">www.shg-wegweiser.ch<\/a>), andrologische Probleme, Infertilit&auml;t bei M&auml;nnern, Autoimmunthyreopathien, Nebennierenerkrankungen, Hirsutismus, Unterzuckerungen (reaktive Hypoglyk&auml;mien), &Uuml;bergewicht, Fragen betreffend Metabolic Typing, und und und&hellip;<\/p>\n<blockquote>\n<p>&laquo;Das Gl&uuml;ck besteht nicht darin, das du tun kannst, was du willst, sondern darin, dass du immer willst, was du tust&raquo;<br>\n <cite>(Leo N. Tolstoi)<\/cite><\/p>\n<\/blockquote>\n<p><em>Unser<\/em> Gl&uuml;ck besteht darin, dass wir Ihnen medizinisch helfen wollen, was wir t&auml;glich seit Jahren tun.<\/p>\n<p class=\"small footnote\"><span class=\"bold\">* Bernard Lown: Die verlorene Kunst des Heilens<\/span><br>\n Anleitung zum Umdenken<br>\n Aus dem Amerikanischen von Helga Drews. Mit einem Geleitwort von Ulrich Gottstein<br>\n Erschienen: 29.03.2004<br>\n suhrkamp taschenbuch 3574<\/p>","protected":false},"excerpt":{"rendered":"<p>Praxis Dr. med. Bruno M\u00fcller, eine Praxis, in der die \u00e4rztliche Kunst des Heilens noch nicht verloren*, sondern seit 16 Jahren ausge\u00fcbt wird. Sie profitierten bei Diabeteserkrankungen und Hormonst\u00f6rungen von einer jahrzentelangen Expertise, erworben in 6 Jahren Ausbildung, in 5 Jahren Weiterbildung zum Internisten sowie in weiteren 3 Jahren Weiterbildung &hellip; <a href=\"https:\/\/www.derendokrinologe.ch\/?page_id=126\">Weiterlesen <span class=\"meta-nav\">&rarr;<\/span><\/a><\/p>\n","protected":false},"author":2,"featured_media":0,"parent":0,"menu_order":0,"comment_status":"closed","ping_status":"closed","template":"","meta":{"ngg_post_thumbnail":0,"footnotes":""},"class_list":["post-126","page","type-page","status-publish","hentry"],"_links":{"self":[{"href":"https:\/\/www.derendokrinologe.ch\/index.php?rest_route=\/wp\/v2\/pages\/126","targetHints":{"allow":["GET"]}}],"collection":[{"href":"https:\/\/www.derendokrinologe.ch\/index.php?rest_route=\/wp\/v2\/pages"}],"about":[{"href":"https:\/\/www.derendokrinologe.ch\/index.php?rest_route=\/wp\/v2\/types\/page"}],"author":[{"embeddable":true,"href":"https:\/\/www.derendokrinologe.ch\/index.php?rest_route=\/wp\/v2\/users\/2"}],"replies":[{"embeddable":true,"href":"https:\/\/www.derendokrinologe.ch\/index.php?rest_route=%2Fwp%2Fv2%2Fcomments&post=126"}],"version-history":[{"count":27,"href":"https:\/\/www.derendokrinologe.ch\/index.php?rest_route=\/wp\/v2\/pages\/126\/revisions"}],"predecessor-version":[{"id":703,"href":"https:\/\/www.derendokrinologe.ch\/index.php?rest_route=\/wp\/v2\/pages\/126\/revisions\/703"}],"wp:attachment":[{"href":"https:\/\/www.derendokrinologe.ch\/index.php?rest_route=%2Fwp%2Fv2%2Fmedia&parent=126"}],"curies":[{"name":"wp","href":"https:\/\/api.w.org\/{rel}","templated":true}]}}