{"id":269,"date":"2009-03-05T19:45:53","date_gmt":"2009-03-05T18:45:53","guid":{"rendered":"http:\/\/www.derendokrinologe.ch\/?page_id=269"},"modified":"2010-10-20T15:38:21","modified_gmt":"2010-10-20T14:38:21","slug":"vortrage","status":"publish","type":"page","link":"https:\/\/www.derendokrinologe.ch\/?page_id=269","title":{"rendered":"Vortr\u00e4ge"},"content":{"rendered":"<p><strong>Hier finden Sie eine begrenzte Auswahl an Vortr&auml;gen von Dr. Bruno M&uuml;ller.  Diese stehen Ihnen frei  zur Verf&uuml;gung.<\/strong><\/p>\n<p><strong><br>\n <\/strong><\/p>\n<p><strong><a href=\"http:\/\/www.derendokrinologe.ch\/wp-content\/uploads\/2009\/01\/vortrag_muller_gerber.ppt\">Diabetes. Sport. Sarkolepsie.<\/a><\/strong><\/p>\n<p><strong>Der Vortrag beschreibt Zusammenh&auml;nge Sport-Diabetes, unter besonderer Ber&uuml;cksichtigung der Sarkolepsie. Der Vortrag wurde gehalten f&uuml;r die Berner Diabetesgesellschaft, 2008.<\/strong><\/p>\n<p><strong><br class=\"spacer_\"><\/strong><\/p>\n<p><strong><a href=\"http:\/\/www.derendokrinologe.ch\/wp-content\/uploads\/2009\/01\/vortrag-muller_1.ppt\">Byetta in der praktischen Anwendung\/Diabetestherapie.<\/a><\/strong><\/p>\n<p><strong>Votrag f&uuml;r Allgemeinmediziner. Byetta, ein vielversprechendes neues Antidiabetikum. 2008.<\/strong><\/p>\n<p><strong><br class=\"spacer_\"><\/strong><\/p>\n<p><strong><a href=\"http:\/\/www.derendokrinologe.ch\/wp-content\/uploads\/2009\/03\/homa.ppt\">HOMA-Index<\/a><\/strong><\/p>\n<p><strong>Formel zur Bestimmung der <a href=\"https:\/\/www.derendokrinologe.ch\/?encyclopedia=insulinresistenz\" target=\"_self\" title=\"Eine grundlegende Stoffwechselabnormalit&auml;t, die oft Ursache f&uuml;r den Typ 2 Diabetes ist: Die K&ouml;rperzellen reagieren zu gering oder gar nicht mehr auf Insulin - sie sind resistent f&uuml;r Insulin.\" class=\"encyclopedia\">Insulinresistenz<\/a> (sowie der Insulinsensitivit&auml;t).<\/strong><\/p>\n<p><br class=\"spacer_\"><\/p>\n<p><strong><a href=\"http:\/\/www.derendokrinologe.ch\/wp-content\/uploads\/2009\/03\/votragda_vinci-forum_20096.ppt\">Da Vinci-Forum_2009.<\/a><\/strong><\/p>\n<p><strong>Vortrag anl&auml;sslich Da Vinci-Forum, Bern, 2009.<\/strong><\/p>\n<p><strong><br class=\"spacer_\"><\/strong><\/p>\n<p><strong><a href=\"http:\/\/www.derendokrinologe.ch\/wp-content\/uploads\/2009\/03\/dr_muller_prasentation_de.ppt\">Verhaltens&auml;nderung, Stadien- und Prozess-Modell<\/a><\/strong><\/p>\n<p><strong>Bestandteil einer Publikation zum Thema Motivation. 2008<\/strong><\/p>\n<p><br class=\"spacer_\"><\/p>\n<p><strong><a href=\"http:\/\/www.derendokrinologe.ch\/wp-content\/uploads\/2009\/03\/hauptvortrag_19_3_2009_definitiv.ppt\">Diabetesbehandlung und Patientenmotivation: the secret<\/a><\/strong><\/p>\n<p><strong>Vortrag vom 19.3.2009. Hotel Bern. <\/strong><\/p>\n<p><br class=\"spacer_\"><\/p>\n<p><strong><a href=\"http:\/\/www.derendokrinologe.ch\/wp-content\/uploads\/2009\/03\/moosegg.ppt\">Auf einmal spielten die Dr&uuml;sen verr&uuml;ckt. Psychopharmakotherapie und ihre metabolischen und endokrinologischen Probleme.<\/a><\/strong><\/p>\n<p><strong>&Auml;rztefortbildung, Hotel Moosegg. 26.3.2009<\/strong><\/p>\n<p><br class=\"spacer_\"><\/p>\n<p><strong><a href=\"http:\/\/www.derendokrinologe.ch\/wp-content\/uploads\/2009\/03\/oad_vortrag_muller_biel.ppt\">Orale Antidiabetika<\/a><\/strong><\/p>\n<p><strong>&Auml;rztefortbildung, Spitalzentrum Biel. 13.5.2009<\/strong><\/p>\n<p><br class=\"spacer_\"><\/p>\n<p><strong><a href=\"http:\/\/www.derendokrinologe.ch\/wp-content\/uploads\/2009\/03\/winterthur_muller.ppt\">Echte und falsche Hyperprolaktin&auml;mie<br>\n <\/a><\/strong><\/p>\n<p><strong>&Auml;rtzefortbildung: 31. Winterthurer Fortbildungskurs. 4.6.2009<\/strong><\/p>\n<p><br class=\"spacer_\"><\/p>\n<p><strong><a href=\"http:\/\/www.derendokrinologe.ch\/wp-content\/uploads\/2009\/03\/diabetes_update_2009.ppt\">Diabetes mellitus 2 &ndash; Ein Update 2009<\/a><\/strong><\/p>\n<p><strong>&Auml;rztefortbildung. Kursraum am See\/Restaurant La Peniche. Nidau. 17.6.2009<\/strong><\/p>\n<p><br class=\"spacer_\"><\/p>\n<p><strong><a href=\"http:\/\/www.derendokrinologe.ch\/wp-content\/uploads\/2009\/03\/neue_therapiemoglichkeiten.ppt\">Neue Therapiemoglichkeiten beim Typ 2 Diabetes.<\/a><\/strong><\/p>\n<p><strong>&Auml;rztefortbidlung. 5. Paul Klee Symposium f&uuml;r Medizin. Bern. 2.7.2009<\/strong><\/p>\n<p><br class=\"spacer_\"><\/p>\n<p><strong><a href=\"http:\/\/www.derendokrinologe.ch\/wp-content\/uploads\/2009\/03\/hauptvortrag_flims.ppt\">(Un&uuml;bliches zur) Menopause<\/a><\/strong><\/p>\n<p><strong>Menopause &ndash; Pause oder Ablug? &Auml;rztekongress &sbquo;The Art of Movement&lsquo;. Flimser Tage. Flims, 22.8.2009<\/strong><\/p>\n<p><br class=\"spacer_\"><\/p>\n<p><strong><a href=\"http:\/\/SGED\">SGED<\/a><br>\n<\/strong><\/p>","protected":false},"excerpt":{"rendered":"<p>Hier finden Sie eine begrenzte Auswahl an Vortr\u00e4gen von Dr. Bruno M\u00fcller. Diese stehen Ihnen frei zur Verf\u00fcgung. Diabetes. Sport. Sarkolepsie. Der Vortrag beschreibt Zusammenh\u00e4nge Sport-Diabetes, unter besonderer Ber\u00fccksichtigung der Sarkolepsie. Der Vortrag wurde gehalten f\u00fcr die Berner Diabetesgesellschaft, 2008. Byetta in der praktischen Anwendung\/Diabetestherapie. Votrag f\u00fcr Allgemeinmediziner. Byetta, ein &hellip; <a href=\"https:\/\/www.derendokrinologe.ch\/?page_id=269\">Weiterlesen <span class=\"meta-nav\">&rarr;<\/span><\/a><\/p>\n","protected":false},"author":2,"featured_media":0,"parent":0,"menu_order":0,"comment_status":"closed","ping_status":"closed","template":"","meta":{"ngg_post_thumbnail":0,"footnotes":""},"class_list":["post-269","page","type-page","status-publish","hentry"],"_links":{"self":[{"href":"https:\/\/www.derendokrinologe.ch\/index.php?rest_route=\/wp\/v2\/pages\/269","targetHints":{"allow":["GET"]}}],"collection":[{"href":"https:\/\/www.derendokrinologe.ch\/index.php?rest_route=\/wp\/v2\/pages"}],"about":[{"href":"https:\/\/www.derendokrinologe.ch\/index.php?rest_route=\/wp\/v2\/types\/page"}],"author":[{"embeddable":true,"href":"https:\/\/www.derendokrinologe.ch\/index.php?rest_route=\/wp\/v2\/users\/2"}],"replies":[{"embeddable":true,"href":"https:\/\/www.derendokrinologe.ch\/index.php?rest_route=%2Fwp%2Fv2%2Fcomments&post=269"}],"version-history":[{"count":35,"href":"https:\/\/www.derendokrinologe.ch\/index.php?rest_route=\/wp\/v2\/pages\/269\/revisions"}],"predecessor-version":[{"id":361,"href":"https:\/\/www.derendokrinologe.ch\/index.php?rest_route=\/wp\/v2\/pages\/269\/revisions\/361"}],"wp:attachment":[{"href":"https:\/\/www.derendokrinologe.ch\/index.php?rest_route=%2Fwp%2Fv2%2Fmedia&parent=269"}],"curies":[{"name":"wp","href":"https:\/\/api.w.org\/{rel}","templated":true}]}}